{"id":127,"date":"2023-03-21T23:55:17","date_gmt":"2023-03-21T22:55:17","guid":{"rendered":"https:\/\/consigliatodanoi.it\/informazioni\/"},"modified":"2025-09-23T15:35:56","modified_gmt":"2025-09-23T13:35:56","slug":"informazioni","status":"publish","type":"page","link":"https:\/\/consigliatodanoi.it\/?page_id=127","title":{"rendered":"CHI SIAMO"},"content":{"rendered":"\n<p class=\"has-text-align-left wp-block-paragraph\">Benvenuti su <strong>Consigliatodanoi (CDN)<\/strong>! \ud83e\udd1d<br>Siamo una piccola realt\u00e0 giovane e dinamica, nata dalla passione per il mondo di internet \ud83c\udf0d e per tutte le opportunit\u00e0 che pu\u00f2 offrire.<\/p>\n\n\n\n<p class=\"wp-block-paragraph\">Il nostro obiettivo \u00e8 semplice ma ambizioso: <strong>segnalarvi e informarvi sulle migliori offerte, promozioni, news e curiosit\u00e0<\/strong> \ud83d\udd0e che riguardano il web e non solo. Vogliamo essere un punto di riferimento per chi cerca contenuti utili, aggiornati e sempre selezionati con cura.<\/p>\n\n\n\n<p class=\"wp-block-paragraph\">\ud83d\udca1 Crediamo che il valore di una community si costruisca nel tempo, con professionalit\u00e0, trasparenza e tanta passione. Per questo <strong>ci impegniamo a proporvi articoli di qualit\u00e0<\/strong>, chiari e affidabili, per aiutarvi a scoprire nuove opportunit\u00e0 e a risparmiare tempo e denaro \ud83d\udcb8.<\/p>\n\n\n\n<p class=\"wp-block-paragraph\">\ud83d\ude80 Essendo una piccola azienda alle prime armi, sappiamo che la crescita passa anche dall\u2019ascolto dei nostri utenti. Ogni vostro consiglio \u00e8 prezioso e ci permette di migliorare giorno dopo giorno \u2764\ufe0f.<\/p>\n\n\n\n<p class=\"wp-block-paragraph\">Con CDN non troverete soltanto segnalazioni e promozioni, ma anche <strong>un impegno costante nel costruire fiducia<\/strong> \ud83e\udd32, offrendo contenuti che rispecchino seriet\u00e0 e dedizione.<\/p>\n\n\n\n<p class=\"has-text-align-left wp-block-paragraph\">\ud83d\udc49 <strong>Il nostro viaggio \u00e8 appena iniziato\u2026 e vogliamo percorrerlo insieme a voi!<\/strong> \ud83c\udf1f<\/p>\n\n\n\n<div style=\"height:32px\" aria-hidden=\"true\" class=\"wp-block-spacer desktop-only\"><\/div>\n\n\n<div class=\"aligncenter wp-block-site-logo\"><a href=\"https:\/\/consigliatodanoi.it\/\" class=\"custom-logo-link\" rel=\"home\"><img fetchpriority=\"high\" decoding=\"async\" width=\"231\" height=\"396\" src=\"https:\/\/consigliatodanoi.it\/wp-content\/uploads\/2023\/02\/cropped-cropped-c-1-1-2-2.png\" class=\"custom-logo\" alt=\"Consigliato da noi\" data-attachment-id=\"652\" data-permalink=\"https:\/\/consigliatodanoi.it\/?attachment_id=652\" data-orig-file=\"https:\/\/consigliatodanoi.it\/wp-content\/uploads\/2023\/02\/cropped-cropped-c-1-1-2-2.png\" data-orig-size=\"175,300\" data-comments-opened=\"1\" data-image-meta=\"{&quot;aperture&quot;:&quot;0&quot;,&quot;credit&quot;:&quot;&quot;,&quot;camera&quot;:&quot;&quot;,&quot;caption&quot;:&quot;&quot;,&quot;created_timestamp&quot;:&quot;0&quot;,&quot;copyright&quot;:&quot;&quot;,&quot;focal_length&quot;:&quot;0&quot;,&quot;iso&quot;:&quot;0&quot;,&quot;shutter_speed&quot;:&quot;0&quot;,&quot;title&quot;:&quot;&quot;,&quot;orientation&quot;:&quot;0&quot;}\" data-image-title=\"c (1)\" data-image-description=\"&lt;p&gt;https:\/\/consigliatodanoi.it\/wp-content\/uploads\/2023\/02\/cropped-c-1-1-2.png&lt;\/p&gt;\n\" data-image-caption=\"\" data-large-file=\"https:\/\/consigliatodanoi.it\/wp-content\/uploads\/2023\/02\/cropped-cropped-c-1-1-2-2.png\" \/><\/a><\/div><div class=\"likebtn_container\" style=\"\"><!-- LikeBtn.com BEGIN --><span class=\"likebtn-wrapper\"  data-identifier=\"page_127\"  data-site_id=\"665b582b6fd08b5a01246cb6\"  data-lang=\"it\"  data-style=\"\"  data-unlike_allowed=\"\"  data-show_copyright=\"\"  data-item_url=\"https:\/\/consigliatodanoi.it\/?page_id=127\"  data-item_title=\"CHI SIAMO\"  data-item_date=\"2023-03-21T23:55:17+01:00\"  data-engine=\"WordPress\"  data-plugin_v=\"2.6.59\"  data-prx=\"https:\/\/consigliatodanoi.it\/wp-admin\/admin-ajax.php?action=likebtn_prx\"  data-event_handler=\"likebtn_eh\" ><\/span><!-- LikeBtn.com END --><\/div>","protected":false},"excerpt":{"rendered":"<p>Benvenuti su Consigliatodanoi (CDN)! \ud83e\udd1dSiamo una piccola realt\u00e0 giovane e dinamica, nata dalla passione per il mondo di internet \ud83c\udf0d e per tutte le opportunit\u00e0 che pu\u00f2 offrire. Il nostro obiettivo \u00e8 semplice ma ambizioso: segnalarvi e informarvi sulle migliori offerte, promozioni, news e curiosit\u00e0 \ud83d\udd0e che riguardano il web e non solo. Vogliamo essere&hellip;<\/p>\n<div class=\"likebtn_container\" style=\"\"><!-- LikeBtn.com BEGIN --><span class=\"likebtn-wrapper\"  data-identifier=\"page_127\"  data-site_id=\"665b582b6fd08b5a01246cb6\"  data-lang=\"it\"  data-style=\"\"  data-unlike_allowed=\"\"  data-show_copyright=\"\"  data-item_url=\"https:\/\/consigliatodanoi.it\/?page_id=127\"  data-item_title=\"CHI SIAMO\"  data-item_date=\"2023-03-21T23:55:17+01:00\"  data-engine=\"WordPress\"  data-plugin_v=\"2.6.59\"  data-prx=\"https:\/\/consigliatodanoi.it\/wp-admin\/admin-ajax.php?action=likebtn_prx\"  data-event_handler=\"likebtn_eh\" ><\/span><!-- LikeBtn.com END --><\/div>","protected":false},"author":231445658,"featured_media":0,"parent":0,"menu_order":1,"comment_status":"closed","ping_status":"closed","template":"","meta":{"_crdt_document":"","_monsterinsights_skip_tracking":false,"_monsterinsights_sitenote_active":false,"_monsterinsights_sitenote_note":"","_monsterinsights_sitenote_category":0,"_uf_show_specific_survey":0,"_uf_disable_surveys":false,"advanced_seo_description":"","jetpack_seo_html_title":"","jetpack_seo_noindex":false,"footnotes":""},"class_list":["post-127","page","type-page","status-publish","hentry"],"jetpack_likes_enabled":true,"jetpack_sharing_enabled":true,"jetpack_shortlink":"https:\/\/wp.me\/PezxTV-23","jetpack-related-posts":[{"id":471,"url":"https:\/\/consigliatodanoi.it\/?page_id=471","url_meta":{"origin":127,"position":0},"title":"OMAGGI RICEVUTI","author":"Consigliatodanoi","date":"2023-03-18","format":false,"excerpt":"\ud83c\udf81 Omaggi Ricevuti da Voi! \ud83c\udf89 In questa sezione raccogliamo tutti gli omaggi che avete ricevuto e condiviso con noi! \ud83d\udce6\u2728 Grazie alle vostre segnalazioni, possiamo mostrare i prodotti gratuiti che le aziende inviano, aiutando cos\u00ec anche altri utenti a scoprire nuove opportunit\u00e0. \ud83d\udc8c\ud83d\udca1 Se hai ricevuto un omaggio, inviaci\u2026","rel":"","context":"Articolo simile","block_context":{"text":"Articolo simile","link":""},"img":{"alt_text":"","src":"https:\/\/i0.wp.com\/consigliatodanoi.it\/wp-content\/uploads\/2023\/03\/EA10FC2E-DAA8-43DD-AC7F-0CACE0A92827-150x150.jpeg?resize=350%2C200&ssl=1","width":350,"height":200,"srcset":"https:\/\/i0.wp.com\/consigliatodanoi.it\/wp-content\/uploads\/2023\/03\/EA10FC2E-DAA8-43DD-AC7F-0CACE0A92827-150x150.jpeg?resize=350%2C200&ssl=1 1x, https:\/\/i0.wp.com\/consigliatodanoi.it\/wp-content\/uploads\/2023\/03\/EA10FC2E-DAA8-43DD-AC7F-0CACE0A92827-150x150.jpeg?resize=525%2C300&ssl=1 1.5x, https:\/\/i0.wp.com\/consigliatodanoi.it\/wp-content\/uploads\/2023\/03\/EA10FC2E-DAA8-43DD-AC7F-0CACE0A92827-150x150.jpeg?resize=700%2C400&ssl=1 2x, https:\/\/i0.wp.com\/consigliatodanoi.it\/wp-content\/uploads\/2023\/03\/EA10FC2E-DAA8-43DD-AC7F-0CACE0A92827-150x150.jpeg?resize=1050%2C600&ssl=1 3x, https:\/\/i0.wp.com\/consigliatodanoi.it\/wp-content\/uploads\/2023\/03\/EA10FC2E-DAA8-43DD-AC7F-0CACE0A92827-150x150.jpeg?resize=1400%2C800&ssl=1 4x"},"classes":[]},{"id":4263,"url":"https:\/\/consigliatodanoi.it\/?page_id=4263","url_meta":{"origin":127,"position":1},"title":"Privacy Policy","author":"Consigliatodanoi","date":"2024-05-17","format":false,"excerpt":"Chi siamo L'indirizzo del nostro sito web \u00e8: https:\/\/consigliatodanoi.it. Commenti Quando i visitatori lasciano commenti sul sito, raccogliamo i dati mostrati nel modulo dei commenti oltre all'indirizzo IP del visitatore e la stringa dello user agent del browser per facilitare il rilevamento dello spam. Una stringa anonimizzata creata a partire\u2026","rel":"","context":"Articolo simile","block_context":{"text":"Articolo simile","link":""},"img":{"alt_text":"","src":"","width":0,"height":0},"classes":[]}],"_links":{"self":[{"href":"https:\/\/consigliatodanoi.it\/index.php?rest_route=\/wp\/v2\/pages\/127","targetHints":{"allow":["GET"]}}],"collection":[{"href":"https:\/\/consigliatodanoi.it\/index.php?rest_route=\/wp\/v2\/pages"}],"about":[{"href":"https:\/\/consigliatodanoi.it\/index.php?rest_route=\/wp\/v2\/types\/page"}],"author":[{"embeddable":true,"href":"https:\/\/consigliatodanoi.it\/index.php?rest_route=\/wp\/v2\/users\/231445658"}],"replies":[{"embeddable":true,"href":"https:\/\/consigliatodanoi.it\/index.php?rest_route=%2Fwp%2Fv2%2Fcomments&post=127"}],"version-history":[{"count":9,"href":"https:\/\/consigliatodanoi.it\/index.php?rest_route=\/wp\/v2\/pages\/127\/revisions"}],"predecessor-version":[{"id":8073,"href":"https:\/\/consigliatodanoi.it\/index.php?rest_route=\/wp\/v2\/pages\/127\/revisions\/8073"}],"wp:attachment":[{"href":"https:\/\/consigliatodanoi.it\/index.php?rest_route=%2Fwp%2Fv2%2Fmedia&parent=127"}],"curies":[{"name":"wp","href":"https:\/\/api.w.org\/{rel}","templated":true}]}}